{"id":13081,"date":"2021-03-23T18:50:50","date_gmt":"2021-03-23T18:50:50","guid":{"rendered":"https:\/\/valentic-drinks.com\/privacy-and-cookies\/"},"modified":"2025-10-20T12:39:56","modified_gmt":"2025-10-20T12:39:56","slug":"privacy-and-cookies","status":"publish","type":"page","link":"https:\/\/valentic-drinks.com\/en\/privacy-and-cookies\/","title":{"rendered":"Privacy and Cookies"},"content":{"rendered":"\t\t<div data-elementor-type=\"wp-page\" data-elementor-id=\"13081\" class=\"elementor elementor-13081 elementor-3\" data-elementor-settings=\"[]\">\n\t\t\t\t\t\t<div class=\"elementor-inner\">\n\t\t\t\t\t\t\t<div class=\"elementor-section-wrap\">\n\t\t\t\t\t\t\t<section class=\"elementor-section elementor-top-section elementor-element elementor-element-5708b09f elementor-section-full_width elementor-section-content-middle elementor-section-height-full elementor-section-height-default elementor-section-items-middle\" data-id=\"5708b09f\" data-element_type=\"section\" data-settings=\"{&quot;background_background&quot;:&quot;classic&quot;,&quot;shape_divider_bottom&quot;:&quot;mountains&quot;}\">\n\t\t\t\t\t\t\t<div class=\"elementor-background-overlay\"><\/div>\n\t\t\t\t\t\t<div class=\"elementor-shape elementor-shape-bottom\" data-negative=\"false\">\n\t\t\t<svg xmlns=\"http:\/\/www.w3.org\/2000\/svg\" viewBox=\"0 0 1000 100\" preserveAspectRatio=\"none\">\n\t<path class=\"elementor-shape-fill\" opacity=\"0.33\" d=\"M473,67.3c-203.9,88.3-263.1-34-320.3,0C66,119.1,0,59.7,0,59.7V0h1000v59.7 c0,0-62.1,26.1-94.9,29.3c-32.8,3.3-62.8-12.3-75.8-22.1C806,49.6,745.3,8.7,694.9,4.7S492.4,59,473,67.3z\"\/>\n\t<path class=\"elementor-shape-fill\" opacity=\"0.66\" d=\"M734,67.3c-45.5,0-77.2-23.2-129.1-39.1c-28.6-8.7-150.3-10.1-254,39.1 s-91.7-34.4-149.2,0C115.7,118.3,0,39.8,0,39.8V0h1000v36.5c0,0-28.2-18.5-92.1-18.5C810.2,18.1,775.7,67.3,734,67.3z\"\/>\n\t<path class=\"elementor-shape-fill\" d=\"M766.1,28.9c-200-57.5-266,65.5-395.1,19.5C242,1.8,242,5.4,184.8,20.6C128,35.8,132.3,44.9,89.9,52.5C28.6,63.7,0,0,0,0 h1000c0,0-9.9,40.9-83.6,48.1S829.6,47,766.1,28.9z\"\/>\n<\/svg>\t\t<\/div>\n\t\t\t\t\t<div class=\"elementor-container elementor-column-gap-default\">\n\t\t\t\t\t\t\t<div class=\"elementor-row\">\n\t\t\t\t\t<div class=\"elementor-column elementor-col-100 elementor-top-column elementor-element elementor-element-1045ae41\" data-id=\"1045ae41\" data-element_type=\"column\">\n\t\t\t<div class=\"elementor-column-wrap elementor-element-populated\">\n\t\t\t\t\t\t\t<div class=\"elementor-widget-wrap\">\n\t\t\t\t\t\t<section class=\"elementor-section elementor-inner-section elementor-element elementor-element-307872b0 elementor-section-boxed elementor-section-height-default elementor-section-height-default\" data-id=\"307872b0\" data-element_type=\"section\">\n\t\t\t\t\t\t<div class=\"elementor-container elementor-column-gap-default\">\n\t\t\t\t\t\t\t<div class=\"elementor-row\">\n\t\t\t\t\t<div class=\"elementor-column elementor-col-100 elementor-inner-column elementor-element elementor-element-2e3e9763\" data-id=\"2e3e9763\" data-element_type=\"column\">\n\t\t\t<div class=\"elementor-column-wrap elementor-element-populated\">\n\t\t\t\t\t\t\t<div class=\"elementor-widget-wrap\">\n\t\t\t\t\t\t<div class=\"elementor-element elementor-element-5cbe1d81 elementor-widget elementor-widget-heading\" data-id=\"5cbe1d81\" data-element_type=\"widget\" data-widget_type=\"heading.default\">\n\t\t\t\t<div class=\"elementor-widget-container\">\n\t\t\t<h1 class=\"elementor-heading-title elementor-size-default\">Privacy and Cookies<\/h1>\t\t<\/div>\n\t\t\t\t<\/div>\n\t\t\t\t\t\t<\/div>\n\t\t\t\t\t<\/div>\n\t\t<\/div>\n\t\t\t\t\t\t\t\t<\/div>\n\t\t\t\t\t<\/div>\n\t\t<\/section>\n\t\t\t\t<section class=\"elementor-section elementor-inner-section elementor-element elementor-element-20690dbb elementor-section-boxed elementor-section-height-default elementor-section-height-default\" data-id=\"20690dbb\" data-element_type=\"section\" data-settings=\"{&quot;background_background&quot;:&quot;classic&quot;}\">\n\t\t\t\t\t\t<div class=\"elementor-container elementor-column-gap-default\">\n\t\t\t\t\t\t\t<div class=\"elementor-row\">\n\t\t\t\t\t<div class=\"elementor-column elementor-col-100 elementor-inner-column elementor-element elementor-element-37cd574e\" data-id=\"37cd574e\" data-element_type=\"column\">\n\t\t\t<div class=\"elementor-column-wrap elementor-element-populated\">\n\t\t\t\t\t\t\t<div class=\"elementor-widget-wrap\">\n\t\t\t\t\t\t<div class=\"elementor-element elementor-element-39a8a281 elementor-view-default elementor-widget elementor-widget-icon\" data-id=\"39a8a281\" data-element_type=\"widget\" data-widget_type=\"icon.default\">\n\t\t\t\t<div class=\"elementor-widget-container\">\n\t\t\t\t\t<div class=\"elementor-icon-wrapper\">\n\t\t\t<a class=\"elementor-icon\" href=\"#start\">\n\t\t\t<i aria-hidden=\"true\" class=\"fas fa-chevron-circle-down\"><\/i>\t\t\t<\/a>\n\t\t<\/div>\n\t\t\t\t<\/div>\n\t\t\t\t<\/div>\n\t\t\t\t<div class=\"elementor-element elementor-element-26bd67dd elementor-widget elementor-widget-menu-anchor\" data-id=\"26bd67dd\" data-element_type=\"widget\" data-widget_type=\"menu-anchor.default\">\n\t\t\t\t<div class=\"elementor-widget-container\">\n\t\t\t\t\t<div id=\"start\" class=\"elementor-menu-anchor\"><\/div>\n\t\t\t\t<\/div>\n\t\t\t\t<\/div>\n\t\t\t\t\t\t<\/div>\n\t\t\t\t\t<\/div>\n\t\t<\/div>\n\t\t\t\t\t\t\t\t<\/div>\n\t\t\t\t\t<\/div>\n\t\t<\/section>\n\t\t\t\t\t\t<\/div>\n\t\t\t\t\t<\/div>\n\t\t<\/div>\n\t\t\t\t\t\t\t\t<\/div>\n\t\t\t\t\t<\/div>\n\t\t<\/section>\n\t\t\t\t<section class=\"elementor-section elementor-top-section elementor-element elementor-element-d43c1fa elementor-section-boxed elementor-section-height-default elementor-section-height-default\" data-id=\"d43c1fa\" data-element_type=\"section\">\n\t\t\t\t\t\t<div class=\"elementor-container elementor-column-gap-default\">\n\t\t\t\t\t\t\t<div class=\"elementor-row\">\n\t\t\t\t\t<div class=\"elementor-column elementor-col-100 elementor-top-column elementor-element elementor-element-268091e\" data-id=\"268091e\" data-element_type=\"column\">\n\t\t\t<div class=\"elementor-column-wrap elementor-element-populated\">\n\t\t\t\t\t\t\t<div class=\"elementor-widget-wrap\">\n\t\t\t\t\t\t<div class=\"elementor-element elementor-element-939212c elementor-widget elementor-widget-heading\" data-id=\"939212c\" data-element_type=\"widget\" data-widget_type=\"heading.default\">\n\t\t\t\t<div class=\"elementor-widget-container\">\n\t\t\t<h2 class=\"elementor-heading-title elementor-size-default\">General privacy policy<\/h2>\t\t<\/div>\n\t\t\t\t<\/div>\n\t\t\t\t<div class=\"elementor-element elementor-element-e1a368a elementor-widget elementor-widget-text-editor\" data-id=\"e1a368a\" data-element_type=\"widget\" data-widget_type=\"text-editor.default\">\n\t\t\t\t<div class=\"elementor-widget-container\">\n\t\t\t\t\t<div class=\"elementor-text-editor elementor-clearfix\"><div class=\"elementor-element elementor-element-578204da elementor-widget elementor-widget-text-editor\" data-id=\"578204da\" data-element_type=\"widget\" data-widget_type=\"text-editor.default\"><div class=\"elementor-widget-container\"><div class=\"elementor-text-editor elementor-clearfix\"><p>This website cares about the privacy of the personal data of its visitors, which is why our privacy policy, which applies to the personal data collected by this website&#8217;s contact form or a direct message to the address <span style=\"text-decoration: underline;\"><em><a href=\"mailto:valentic.nabava@valentic-drinks.com\">valentic.nabava@valentic-drinks.com<\/a><\/em><\/span>\u00a0 is harmonized with the General Data Protection Regulation\u00a0which is in force on the territory of the European Union.<\/p><p>Types of personal data collected through this web site: name and surname, e-mail address and, if necessary, other personal information that visitors voluntarily provide in order to receive answers to queries and establish co-operation with Valenti\u0107 Ltd.<\/p><p>Processing of personal data collected through the website will be conducted and executed (administrative management of personal data) in order to respond to inquiries of visitors interested in establishing co-operation, as well as for the purpose of realization of the cooperation itself. Collected personal data will not be used for other purposes.<\/p><p>Personal data processing will start from the moment personal data from the visitor is received via the contact form on this website or via direct e-mail to <span style=\"text-decoration: underline;\"><em><a href=\"mailto:valentic.nabava@valentic-drinks.com\">valentic.nabava@valentic-drinks.com<\/a><\/em><\/span><em><span style=\"text-decoration: underline;\">.<\/span><\/em><\/p><p>Collected personal data will be retained until the realization of the purpose for which they were collected (final response to the visitor\u2019s inquiry or finalization of the co-operation process) i.e. throughout the duration of the co-operation for which they are required, unless the visitor has chosen to have their personal data retained for a longer period of time for the purpose of establishing future co-operation or for receiving promotional notifications.<\/p><p>Access to personal information is limited to the employess of the company Valenti\u0107 d.o.o.\u00a0which retains the right to pass the collected personal information to third parties whose services are needed for successful responses to the visitor\u2019s inquiries and the realization of co-operation with them.<\/p><p>Site visitors have the following rights:<\/p><\/div><\/div><\/div><div class=\"elementor-element elementor-element-4f6fe295 elementor-widget elementor-widget-heading\" data-id=\"4f6fe295\" data-element_type=\"widget\" data-widget_type=\"heading.default\"><div class=\"elementor-widget-container\"><ul><li>the right to information about your personal information collected<\/li><li>the right to access your personal information collected<\/li><li>the right to request a copy of your collected personal data<\/li><li>the right to request correction of incorrect personal data collected (by attaching the correct information)<\/li><li>the right to request termination of personal data processing for the purpose of direct marketing<\/li><li>the right to request deletion of all personal data collected<\/li><\/ul><\/div><\/div><div class=\"elementor-element elementor-element-5ab9c1ce elementor-widget elementor-widget-text-editor\" data-id=\"5ab9c1ce\" data-element_type=\"widget\" data-widget_type=\"text-editor.default\"><div class=\"elementor-widget-container\"><div class=\"elementor-text-editor elementor-clearfix\"><p>Your rights can be accessed at any time by submitting your request to the following e-mail address: <span style=\"text-decoration: underline;\"><em><a href=\"mailto:valentic.nabava@valentic-drinks.com\">valentic.nabava@valentic-drinks.com<\/a><\/em><\/span>. All visitor requests will be forwarded to third parties who have been given access to their personal data for the purpose of providing successful response to their inquiries and realisation of the desired co-operation.<\/p><\/div><\/div><\/div><\/div>\n\t\t\t\t<\/div>\n\t\t\t\t<\/div>\n\t\t\t\t\t\t<\/div>\n\t\t\t\t\t<\/div>\n\t\t<\/div>\n\t\t\t\t\t\t\t\t<\/div>\n\t\t\t\t\t<\/div>\n\t\t<\/section>\n\t\t\t\t<section class=\"elementor-section elementor-top-section elementor-element elementor-element-2a6f461 elementor-section-boxed elementor-section-height-default elementor-section-height-default\" data-id=\"2a6f461\" data-element_type=\"section\">\n\t\t\t\t\t\t<div class=\"elementor-container elementor-column-gap-default\">\n\t\t\t\t\t\t\t<div class=\"elementor-row\">\n\t\t\t\t\t<div class=\"elementor-column elementor-col-100 elementor-top-column elementor-element elementor-element-787cfe0\" data-id=\"787cfe0\" data-element_type=\"column\">\n\t\t\t<div class=\"elementor-column-wrap elementor-element-populated\">\n\t\t\t\t\t\t\t<div class=\"elementor-widget-wrap\">\n\t\t\t\t\t\t<div class=\"elementor-element elementor-element-fc867d5 elementor-widget elementor-widget-heading\" data-id=\"fc867d5\" data-element_type=\"widget\" data-widget_type=\"heading.default\">\n\t\t\t\t<div class=\"elementor-widget-container\">\n\t\t\t<h2 class=\"elementor-heading-title elementor-size-default\">Use of cookies<\/h2>\t\t<\/div>\n\t\t\t\t<\/div>\n\t\t\t\t<div class=\"elementor-element elementor-element-4fa9599 elementor-widget elementor-widget-text-editor\" data-id=\"4fa9599\" data-element_type=\"widget\" data-widget_type=\"text-editor.default\">\n\t\t\t\t<div class=\"elementor-widget-container\">\n\t\t\t\t\t<div class=\"elementor-text-editor elementor-clearfix\"><div class=\"elementor-element elementor-element-578204da elementor-widget elementor-widget-text-editor\" data-id=\"578204da\" data-element_type=\"widget\" data-widget_type=\"text-editor.default\"><div class=\"elementor-widget-container\"><div class=\"elementor-text-editor elementor-clearfix\"><p><span style=\"text-decoration: underline;\"><strong>What are cookies?<\/strong><\/span><br \/>A cookie is a piece of information saved to your computer by the website you visit. Cookies usually save your settings, the website settings, such as your preferred language or address. Later, when you open the same webpage again, the web browser sends back the cookies that belong to that page. This allows the page to display information tailored to your needs.<\/p><p>.Kola\u010di\u0107i mogu spremati \u0161irok raspon informacija uklju\u010duju\u0107i osobne informacije (kao \u0161to je va\u0161e ime ili e-mail adresa)Cookies can store a wide range of information including personal information (such as your name or e-mail address). However, this information can only be saved if you allow it \u2013 websites cannot gain access to information that you have not provided and cannot access other files on your computer. Default activity for saving and sending cookies is not visible to you. However, you can change your browser settings so you can choose whether or not to approve or reject cookie requests and delete cookies automatically when you close your web browser and the like.<\/p><p><strong><span style=\"text-decoration: underline;\">Which cookies does this website use?<\/span><br \/><\/strong>Our website uses cookies to offer you the best user experience and help us regularly improve the website itself.<\/p><p><em>NECESSARY COOKIES<\/em> are crucial for the correct functioning of the website. These cookies serve only to allow for the basic functions and protection of the website. Such cookies do not gather personal information from website visitors.<\/p><p><em>OPTIONAL COOKIES<\/em> are cookies that are not necessary for the basic functioning of the website and are instead used to gather anonymous information about website traffic.<\/p><ul><li>Google Analytics:\u00a0This website uses the Google Analytics system for the gathering of anonymous information such as the number of website visitors and the number of views of the various parts of the website.<\/li><\/ul><p><strong><br \/><span style=\"text-decoration: underline;\">How to disable cookies?<\/span><br \/><\/strong>By disabling cookies you decided whether you will allow cookies to be stored on your computer and the anonymous tracking of website traffic by the optional cookies our website uses.<\/p><p>You can use the <b><a class=\"cli_settings_button\" tabindex=\"0\" role=\"button\">COOKIE SETTINGS<\/a><\/b> interface to disable the gathering of optional cookies on this website.<\/p><p>Cookie settings can be controlled and configured in your web browser. For more information, view the instructions from the developer of the web browser you use<\/p><\/div><\/div><\/div><\/div>\n\t\t\t\t<\/div>\n\t\t\t\t<\/div>\n\t\t\t\t\t\t<\/div>\n\t\t\t\t\t<\/div>\n\t\t<\/div>\n\t\t\t\t\t\t\t\t<\/div>\n\t\t\t\t\t<\/div>\n\t\t<\/section>\n\t\t\t\t\t\t<\/div>\n\t\t\t\t\t\t<\/div>\n\t\t\t\t\t<\/div>\n\t\t","protected":false},"excerpt":{"rendered":"<p>Privacy and Cookies General privacy policy This website cares about the privacy of the personal data of its visitors, which is why our privacy policy, which applies to the personal data collected by this website&#8217;s contact form or a direct message to the address valentic.nabava@valentic-drinks.com\u00a0 is harmonized with the General Data Protection Regulation\u00a0which is in [&hellip;]<\/p>\n","protected":false},"author":1,"featured_media":0,"parent":0,"menu_order":10,"comment_status":"closed","ping_status":"open","template":"","meta":{"footnotes":""},"class_list":["post-13081","page","type-page","status-publish","hentry"],"_links":{"self":[{"href":"https:\/\/valentic-drinks.com\/en\/wp-json\/wp\/v2\/pages\/13081","targetHints":{"allow":["GET"]}}],"collection":[{"href":"https:\/\/valentic-drinks.com\/en\/wp-json\/wp\/v2\/pages"}],"about":[{"href":"https:\/\/valentic-drinks.com\/en\/wp-json\/wp\/v2\/types\/page"}],"author":[{"embeddable":true,"href":"https:\/\/valentic-drinks.com\/en\/wp-json\/wp\/v2\/users\/1"}],"replies":[{"embeddable":true,"href":"https:\/\/valentic-drinks.com\/en\/wp-json\/wp\/v2\/comments?post=13081"}],"version-history":[{"count":31,"href":"https:\/\/valentic-drinks.com\/en\/wp-json\/wp\/v2\/pages\/13081\/revisions"}],"predecessor-version":[{"id":16912,"href":"https:\/\/valentic-drinks.com\/en\/wp-json\/wp\/v2\/pages\/13081\/revisions\/16912"}],"wp:attachment":[{"href":"https:\/\/valentic-drinks.com\/en\/wp-json\/wp\/v2\/media?parent=13081"}],"curies":[{"name":"wp","href":"https:\/\/api.w.org\/{rel}","templated":true}]}}