{"id":13303,"date":"2021-03-24T02:48:22","date_gmt":"2021-03-24T02:48:22","guid":{"rendered":"https:\/\/valentic-drinks.com\/datenschutzrichtlinien-und-cookies\/"},"modified":"2025-10-20T12:43:19","modified_gmt":"2025-10-20T12:43:19","slug":"datenschutzrichtlinien-und-cookies","status":"publish","type":"page","link":"https:\/\/valentic-drinks.com\/de\/datenschutzrichtlinien-und-cookies\/","title":{"rendered":"Datenschutzrichtlinien und Cookies"},"content":{"rendered":"\t\t<div data-elementor-type=\"wp-page\" data-elementor-id=\"13303\" class=\"elementor elementor-13303 elementor-3\" data-elementor-settings=\"[]\">\n\t\t\t\t\t\t<div class=\"elementor-inner\">\n\t\t\t\t\t\t\t<div class=\"elementor-section-wrap\">\n\t\t\t\t\t\t\t<section class=\"elementor-section elementor-top-section elementor-element elementor-element-5708b09f elementor-section-full_width elementor-section-content-middle elementor-section-height-full elementor-section-height-default elementor-section-items-middle\" data-id=\"5708b09f\" data-element_type=\"section\" data-settings=\"{&quot;background_background&quot;:&quot;classic&quot;,&quot;shape_divider_bottom&quot;:&quot;mountains&quot;}\">\n\t\t\t\t\t\t\t<div class=\"elementor-background-overlay\"><\/div>\n\t\t\t\t\t\t<div class=\"elementor-shape elementor-shape-bottom\" data-negative=\"false\">\n\t\t\t<svg xmlns=\"http:\/\/www.w3.org\/2000\/svg\" viewBox=\"0 0 1000 100\" preserveAspectRatio=\"none\">\n\t<path class=\"elementor-shape-fill\" opacity=\"0.33\" d=\"M473,67.3c-203.9,88.3-263.1-34-320.3,0C66,119.1,0,59.7,0,59.7V0h1000v59.7 c0,0-62.1,26.1-94.9,29.3c-32.8,3.3-62.8-12.3-75.8-22.1C806,49.6,745.3,8.7,694.9,4.7S492.4,59,473,67.3z\"\/>\n\t<path class=\"elementor-shape-fill\" opacity=\"0.66\" d=\"M734,67.3c-45.5,0-77.2-23.2-129.1-39.1c-28.6-8.7-150.3-10.1-254,39.1 s-91.7-34.4-149.2,0C115.7,118.3,0,39.8,0,39.8V0h1000v36.5c0,0-28.2-18.5-92.1-18.5C810.2,18.1,775.7,67.3,734,67.3z\"\/>\n\t<path class=\"elementor-shape-fill\" d=\"M766.1,28.9c-200-57.5-266,65.5-395.1,19.5C242,1.8,242,5.4,184.8,20.6C128,35.8,132.3,44.9,89.9,52.5C28.6,63.7,0,0,0,0 h1000c0,0-9.9,40.9-83.6,48.1S829.6,47,766.1,28.9z\"\/>\n<\/svg>\t\t<\/div>\n\t\t\t\t\t<div class=\"elementor-container elementor-column-gap-default\">\n\t\t\t\t\t\t\t<div class=\"elementor-row\">\n\t\t\t\t\t<div class=\"elementor-column elementor-col-100 elementor-top-column elementor-element elementor-element-1045ae41\" data-id=\"1045ae41\" data-element_type=\"column\">\n\t\t\t<div class=\"elementor-column-wrap elementor-element-populated\">\n\t\t\t\t\t\t\t<div class=\"elementor-widget-wrap\">\n\t\t\t\t\t\t<section class=\"elementor-section elementor-inner-section elementor-element elementor-element-307872b0 elementor-section-boxed elementor-section-height-default elementor-section-height-default\" data-id=\"307872b0\" data-element_type=\"section\">\n\t\t\t\t\t\t<div class=\"elementor-container elementor-column-gap-default\">\n\t\t\t\t\t\t\t<div class=\"elementor-row\">\n\t\t\t\t\t<div class=\"elementor-column elementor-col-100 elementor-inner-column elementor-element elementor-element-2e3e9763\" data-id=\"2e3e9763\" data-element_type=\"column\">\n\t\t\t<div class=\"elementor-column-wrap elementor-element-populated\">\n\t\t\t\t\t\t\t<div class=\"elementor-widget-wrap\">\n\t\t\t\t\t\t<div class=\"elementor-element elementor-element-5cbe1d81 elementor-widget elementor-widget-heading\" data-id=\"5cbe1d81\" data-element_type=\"widget\" data-widget_type=\"heading.default\">\n\t\t\t\t<div class=\"elementor-widget-container\">\n\t\t\t<h1 class=\"elementor-heading-title elementor-size-default\">Datenschutzrichtlinien und Cookies<\/h1>\t\t<\/div>\n\t\t\t\t<\/div>\n\t\t\t\t\t\t<\/div>\n\t\t\t\t\t<\/div>\n\t\t<\/div>\n\t\t\t\t\t\t\t\t<\/div>\n\t\t\t\t\t<\/div>\n\t\t<\/section>\n\t\t\t\t<section class=\"elementor-section elementor-inner-section elementor-element elementor-element-20690dbb elementor-section-boxed elementor-section-height-default elementor-section-height-default\" data-id=\"20690dbb\" data-element_type=\"section\" data-settings=\"{&quot;background_background&quot;:&quot;classic&quot;}\">\n\t\t\t\t\t\t<div class=\"elementor-container elementor-column-gap-default\">\n\t\t\t\t\t\t\t<div class=\"elementor-row\">\n\t\t\t\t\t<div class=\"elementor-column elementor-col-100 elementor-inner-column elementor-element elementor-element-37cd574e\" data-id=\"37cd574e\" data-element_type=\"column\">\n\t\t\t<div class=\"elementor-column-wrap elementor-element-populated\">\n\t\t\t\t\t\t\t<div class=\"elementor-widget-wrap\">\n\t\t\t\t\t\t<div class=\"elementor-element elementor-element-39a8a281 elementor-view-default elementor-widget elementor-widget-icon\" data-id=\"39a8a281\" data-element_type=\"widget\" data-widget_type=\"icon.default\">\n\t\t\t\t<div class=\"elementor-widget-container\">\n\t\t\t\t\t<div class=\"elementor-icon-wrapper\">\n\t\t\t<a class=\"elementor-icon\" href=\"#start\">\n\t\t\t<i aria-hidden=\"true\" class=\"fas fa-chevron-circle-down\"><\/i>\t\t\t<\/a>\n\t\t<\/div>\n\t\t\t\t<\/div>\n\t\t\t\t<\/div>\n\t\t\t\t<div class=\"elementor-element elementor-element-26bd67dd elementor-widget elementor-widget-menu-anchor\" data-id=\"26bd67dd\" data-element_type=\"widget\" data-widget_type=\"menu-anchor.default\">\n\t\t\t\t<div class=\"elementor-widget-container\">\n\t\t\t\t\t<div id=\"start\" class=\"elementor-menu-anchor\"><\/div>\n\t\t\t\t<\/div>\n\t\t\t\t<\/div>\n\t\t\t\t\t\t<\/div>\n\t\t\t\t\t<\/div>\n\t\t<\/div>\n\t\t\t\t\t\t\t\t<\/div>\n\t\t\t\t\t<\/div>\n\t\t<\/section>\n\t\t\t\t\t\t<\/div>\n\t\t\t\t\t<\/div>\n\t\t<\/div>\n\t\t\t\t\t\t\t\t<\/div>\n\t\t\t\t\t<\/div>\n\t\t<\/section>\n\t\t\t\t<section class=\"elementor-section elementor-top-section elementor-element elementor-element-d43c1fa elementor-section-boxed elementor-section-height-default elementor-section-height-default\" data-id=\"d43c1fa\" data-element_type=\"section\">\n\t\t\t\t\t\t<div class=\"elementor-container elementor-column-gap-default\">\n\t\t\t\t\t\t\t<div class=\"elementor-row\">\n\t\t\t\t\t<div class=\"elementor-column elementor-col-100 elementor-top-column elementor-element elementor-element-268091e\" data-id=\"268091e\" data-element_type=\"column\">\n\t\t\t<div class=\"elementor-column-wrap elementor-element-populated\">\n\t\t\t\t\t\t\t<div class=\"elementor-widget-wrap\">\n\t\t\t\t\t\t<div class=\"elementor-element elementor-element-939212c elementor-widget elementor-widget-heading\" data-id=\"939212c\" data-element_type=\"widget\" data-widget_type=\"heading.default\">\n\t\t\t\t<div class=\"elementor-widget-container\">\n\t\t\t<h2 class=\"elementor-heading-title elementor-size-default\">Allgemeine Datenschutzrichtlinien<\/h2>\t\t<\/div>\n\t\t\t\t<\/div>\n\t\t\t\t<div class=\"elementor-element elementor-element-e1a368a elementor-widget elementor-widget-text-editor\" data-id=\"e1a368a\" data-element_type=\"widget\" data-widget_type=\"text-editor.default\">\n\t\t\t\t<div class=\"elementor-widget-container\">\n\t\t\t\t\t<div class=\"elementor-text-editor elementor-clearfix\"><div class=\"elementor-element elementor-element-578204da elementor-widget elementor-widget-text-editor\" data-id=\"578204da\" data-element_type=\"widget\" data-widget_type=\"text-editor.default\"><div class=\"elementor-widget-container\"><div class=\"elementor-text-editor elementor-clearfix\"><p>Diese Website k\u00fcmmert sich um den Schutz der personenbezogenen Daten ihrer Besucher. Daher entspricht die Datenschutzrichtlinie, die f\u00fcr personenbezogene Daten gilt, die \u00fcber das Kontaktformular dieser Website oder per Direktnachricht an <a title=\"valentic.nabava@valentic-drinks.com\" href=\"mailto:valentic.nabava@valentic-drinks.com\"><em><span style=\"text-decoration: underline;\">valentic.nabava@valentic-drinks.com<\/span><\/em><\/a> gesammelt werden, der Allgemeinen Verordnung von Schutz personenbezogener Daten, der im Hoheitsgebiet der Europ\u00e4ischen Union gilt.<\/p><p>Die \u00fcber die Website gesammelten Arten von personenbezogenen Daten sind: Vor- und Nachname, E-Mail-Adresse und gegebenenfalls andere personenbezogene Daten, die Besucher freiwillig angeben, um Antworten auf Anfragen zu erhalten und eine Zusammenarbeit zu erreichen.<\/p><p>Die Verarbeitung der \u00fcber die Website gesammelten personenbezogenen Daten wird durchgef\u00fchrt (administrative Verwaltung personenbezogener Daten), um auf Anfragen von Besuchern zu antworten, die an einer Zusammenarbeit interessiert sind, und um die Zusammenarbeit selbst zu erreichen. Die erhobenen personenbezogenen Daten werden nicht f\u00fcr andere Zwecke verwendet.<\/p><p>Die Verarbeitung personenbezogener Daten beginnt ab dem Zeitpunkt des Eingangs personenbezogener Daten von Besuchern \u00fcber das Kontaktformular dieser Website oder per Direktnachricht an die Adresse <a title=\"valentic.nabava@valentic-drinks.com\" href=\"mailto:valentic.nabava@valentic-drinks.com\"><em><span style=\"text-decoration: underline;\">valentic.nabava@valentic-drinks.com<\/span><\/em><\/a><\/p><p>Die gesammelten personenbezogenen Daten werden bis zum Zeitpunkt der Realisierung des Zwecks, f\u00fcr den sie gesammelt wurden (endg\u00fcltige Antwort auf die Anfrage des Besuchers oder die realisierte Zusammenarbeit) oder w\u00e4hrend der Zusammenarbeit, f\u00fcr die sie ben\u00f6tigt werden, gespeichert, es sei denn, der Besucher hat sich entschieden, seine pers\u00f6nlichen Daten zu speichern f\u00fcr einen l\u00e4ngeren Zeitraum, um eine zuk\u00fcnftige Zusammenarbeit aufzubauen oder Werbemitteilungen zu erhalten.<\/p><p>Der Zugriff auf personenbezogene Daten ist auf Mitarbeiter von Valenti\u0107 d.o.o. beschr\u00e4nkt. Dabei beh\u00e4lt sie sich das Recht vor, die erhobenen personenbezogenen Daten an Dritte weiterzuleiten, deren Dienste f\u00fcr eine erfolgreiche Beantwortung von Anfragen von Besuchern der Website und den Aufbau einer Zusammenarbeit mit ihnen erforderlich sind.<\/p><p>Website-Besucher haben folgende Rechte:<\/p><\/div><\/div><\/div><div class=\"elementor-element elementor-element-4f6fe295 elementor-widget elementor-widget-heading\" data-id=\"4f6fe295\" data-element_type=\"widget\" data-widget_type=\"heading.default\"><div class=\"elementor-widget-container\"><ul><li>das Recht, \u00fcber Ihre gesammelten pers\u00f6nlichen Daten informiert zu werden<\/li><li>das Recht, auf die gesammelten pers\u00f6nlichen Daten zuzugreifen<\/li><li>das Recht, eine Kopie Ihrer gesammelten pers\u00f6nlichen Daten anzufordern<\/li><li>pdas Recht, die Korrektur ihrer falsch gesammelten personenbezogenen Daten zu verlangen (mit dem Anhang korrekter Informationen)<\/li><li>das Recht, die Einstellung der Verarbeitung personenbezogener Daten zum Zwecke des Direktmarketings zu beantragen<\/li><li>das Recht, die L\u00f6schung aller Ihrer erhobenen personenbezogenen Daten zu verlangen<\/li><\/ul><\/div><\/div><div class=\"elementor-element elementor-element-5ab9c1ce elementor-widget elementor-widget-text-editor\" data-id=\"5ab9c1ce\" data-element_type=\"widget\" data-widget_type=\"text-editor.default\"><div class=\"elementor-widget-container\"><div class=\"elementor-text-editor elementor-clearfix\"><p>Besucher k\u00f6nnen ihre Rechte jederzeit aus\u00fcben, indem sie ihre Anfrage an <a title=\"valentic.nabava@valentic-drinks.com\" href=\"mailto:valentic.nabava@valentic-drinks.com\"><em><span style=\"text-decoration: underline;\">valentic.nabava@valentic-drinks.com<\/span><\/em> <\/a>senden. Alle Anfragen von Besuchern werden an Dritte weitergeleitet, denen Zugang zu ihren personenbezogenen Daten gew\u00e4hrt wurde, um ihre Anfragen erfolgreich zu beantworten und die gew\u00fcnschte Zusammenarbeit zu erreichen.<\/p><\/div><\/div><\/div><\/div>\n\t\t\t\t<\/div>\n\t\t\t\t<\/div>\n\t\t\t\t\t\t<\/div>\n\t\t\t\t\t<\/div>\n\t\t<\/div>\n\t\t\t\t\t\t\t\t<\/div>\n\t\t\t\t\t<\/div>\n\t\t<\/section>\n\t\t\t\t<section class=\"elementor-section elementor-top-section elementor-element elementor-element-2a6f461 elementor-section-boxed elementor-section-height-default elementor-section-height-default\" data-id=\"2a6f461\" data-element_type=\"section\">\n\t\t\t\t\t\t<div class=\"elementor-container elementor-column-gap-default\">\n\t\t\t\t\t\t\t<div class=\"elementor-row\">\n\t\t\t\t\t<div class=\"elementor-column elementor-col-100 elementor-top-column elementor-element elementor-element-787cfe0\" data-id=\"787cfe0\" data-element_type=\"column\">\n\t\t\t<div class=\"elementor-column-wrap elementor-element-populated\">\n\t\t\t\t\t\t\t<div class=\"elementor-widget-wrap\">\n\t\t\t\t\t\t<div class=\"elementor-element elementor-element-fc867d5 elementor-widget elementor-widget-heading\" data-id=\"fc867d5\" data-element_type=\"widget\" data-widget_type=\"heading.default\">\n\t\t\t\t<div class=\"elementor-widget-container\">\n\t\t\t<h2 class=\"elementor-heading-title elementor-size-default\">Verwendung von Cookies<\/h2>\t\t<\/div>\n\t\t\t\t<\/div>\n\t\t\t\t<div class=\"elementor-element elementor-element-4fa9599 elementor-widget elementor-widget-text-editor\" data-id=\"4fa9599\" data-element_type=\"widget\" data-widget_type=\"text-editor.default\">\n\t\t\t\t<div class=\"elementor-widget-container\">\n\t\t\t\t\t<div class=\"elementor-text-editor elementor-clearfix\"><div class=\"elementor-element elementor-element-578204da elementor-widget elementor-widget-text-editor\" data-id=\"578204da\" data-element_type=\"widget\" data-widget_type=\"text-editor.default\">\n<div class=\"elementor-widget-container\">\n<div class=\"elementor-text-editor elementor-clearfix\">\n\n<span style=\"text-decoration: underline;\"><strong>Was sind Cookies?<\/strong><\/span>\nEin Cookie ist eine Information, die von einer von Ihnen besuchten Website auf Ihrem Computer gespeichert wird. Cookies speichern normalerweise Ihre Einstellungen f\u00fcr eine Website, z. B. Ihre bevorzugte Sprache oder Adresse. Wenn Sie sp\u00e4ter dieselbe Website erneut \u00f6ffnen, sendet der Internetbrowser die zu dieser Seite geh\u00f6renden Cookies zur\u00fcck. Auf diese Weise k\u00f6nnen auf der Seite Informationen angezeigt werden, die auf Ihre Bed\u00fcrfnisse zugeschnitten sind.\n\nCookies k\u00f6nnen eine Vielzahl von Informationen speichern, einschlie\u00dflich pers\u00f6nlicher Informationen (wie Ihren Namen oder Ihre E-Mail-Adresse). Diese Informationen k\u00f6nnen jedoch nur gespeichert werden, wenn Sie dies zulassen. Websites k\u00f6nnen nicht auf Informationen zugreifen, die Sie ihnen nicht gegeben haben, und k\u00f6nnen nicht auf andere Dateien auf Ihrem Computer zugreifen. Die Standardaktivit\u00e4ten zum Speichern und Senden von Cookies sind f\u00fcr Sie nicht sichtbar. Sie k\u00f6nnen jedoch die Einstellungen Ihres Internetbrowsers \u00e4ndern, um zu entscheiden, ob Anforderungen zum Speichern von Cookies genehmigt oder abgelehnt werden sollen, und um gespeicherte Cookies automatisch zu l\u00f6schen, wenn Sie Ihren Internetbrowser und dergleichen schlie\u00dfen.\n\n<strong><span style=\"text-decoration: underline;\">Welche Cookies verwendet unsere Website?<\/span>\n<\/strong>Unsere Website verwendet Cookies, um Ihnen die bestm\u00f6gliche Benutzererfahrung zu bieten und die Website selbst regelm\u00e4\u00dfig zu verbessern.\n\n<em>NOTWENDIGE COOKIES <\/em> sind der Schl\u00fcssel zum ordnungsgem\u00e4\u00dfen Funktionieren einer Website. Diese Cookies dienen nur dazu, grundlegende Funktionen zu aktivieren und die Website zu sch\u00fctzen. Solche Cookies sammeln keine pers\u00f6nlichen Informationen von Website-Besuchern.\n\n<em>OPTIONALE COOKIES <\/em> sind Cookies, die f\u00fcr das Funktionieren der Website nicht erforderlich sind, aber dazu dienen, anonyme Informationen \u00fcber den Website-Verkehr zu sammeln.\n<ul>\n \t<li>Google Analytics: Diese Website verwendet das Google Analytics-System, um anonyme Informationen wie die Anzahl der Besucher und die Anzahl der Aufrufe verschiedener Teile der Website zu erfassen.<\/li>\n<\/ul>\n<strong>\n<span style=\"text-decoration: underline;\">Wie deaktiviere ich Cookies?<\/span>\n<\/strong>Durch Deaktivieren von Cookies entscheiden Sie, ob Cookies auf Ihrem Computer gespeichert werden sollen und ob der Website-Verkehr durch optionale Cookies, die von unserer Website verwendet werden, anonym \u00fcberwacht werden soll.\n\nWenn Sie m\u00f6chten, k\u00f6nnen Sie die Sammlung optionaler Cookies auf dieser Website \u00fcber die Oberfl\u00e4che <b><a class=\"cli_settings_button\" tabindex=\"0\" role=\"button\">COOKIE EINSTELLUNGEN<\/a><\/b> deaktivieren.\n\nCookie-Einstellungen k\u00f6nnen in Ihrem Webbrowser gesteuert und konfiguriert werden. Weitere Informationen erhalten Sie beim Herausgeber des von Ihnen verwendeten Webbrowsers.\n\n<\/div>\n<\/div>\n<\/div><\/div>\n\t\t\t\t<\/div>\n\t\t\t\t<\/div>\n\t\t\t\t\t\t<\/div>\n\t\t\t\t\t<\/div>\n\t\t<\/div>\n\t\t\t\t\t\t\t\t<\/div>\n\t\t\t\t\t<\/div>\n\t\t<\/section>\n\t\t\t\t\t\t<\/div>\n\t\t\t\t\t\t<\/div>\n\t\t\t\t\t<\/div>\n\t\t","protected":false},"excerpt":{"rendered":"<p>Datenschutzrichtlinien und Cookies Allgemeine Datenschutzrichtlinien Diese Website k\u00fcmmert sich um den Schutz der personenbezogenen Daten ihrer Besucher. Daher entspricht die Datenschutzrichtlinie, die f\u00fcr personenbezogene Daten gilt, die \u00fcber das Kontaktformular dieser Website oder per Direktnachricht an valentic.nabava@valentic-drinks.com gesammelt werden, der Allgemeinen Verordnung von Schutz personenbezogener Daten, der im Hoheitsgebiet der Europ\u00e4ischen Union gilt. Die \u00fcber [&hellip;]<\/p>\n","protected":false},"author":1,"featured_media":0,"parent":0,"menu_order":10,"comment_status":"closed","ping_status":"open","template":"","meta":{"footnotes":""},"class_list":["post-13303","page","type-page","status-publish","hentry"],"_links":{"self":[{"href":"https:\/\/valentic-drinks.com\/de\/wp-json\/wp\/v2\/pages\/13303","targetHints":{"allow":["GET"]}}],"collection":[{"href":"https:\/\/valentic-drinks.com\/de\/wp-json\/wp\/v2\/pages"}],"about":[{"href":"https:\/\/valentic-drinks.com\/de\/wp-json\/wp\/v2\/types\/page"}],"author":[{"embeddable":true,"href":"https:\/\/valentic-drinks.com\/de\/wp-json\/wp\/v2\/users\/1"}],"replies":[{"embeddable":true,"href":"https:\/\/valentic-drinks.com\/de\/wp-json\/wp\/v2\/comments?post=13303"}],"version-history":[{"count":37,"href":"https:\/\/valentic-drinks.com\/de\/wp-json\/wp\/v2\/pages\/13303\/revisions"}],"predecessor-version":[{"id":16921,"href":"https:\/\/valentic-drinks.com\/de\/wp-json\/wp\/v2\/pages\/13303\/revisions\/16921"}],"wp:attachment":[{"href":"https:\/\/valentic-drinks.com\/de\/wp-json\/wp\/v2\/media?parent=13303"}],"curies":[{"name":"wp","href":"https:\/\/api.w.org\/{rel}","templated":true}]}}