{"id":13301,"date":"2021-03-24T02:36:05","date_gmt":"2021-03-24T02:36:05","guid":{"rendered":"https:\/\/valentic-drinks.com\/aufdruck\/"},"modified":"2025-10-20T12:44:20","modified_gmt":"2025-10-20T12:44:20","slug":"aufdruck","status":"publish","type":"page","link":"https:\/\/valentic-drinks.com\/de\/aufdruck\/","title":{"rendered":"Aufdruck"},"content":{"rendered":"\t\t<div data-elementor-type=\"wp-page\" data-elementor-id=\"13301\" class=\"elementor elementor-13301 elementor-26\" data-elementor-settings=\"[]\">\n\t\t\t\t\t\t<div class=\"elementor-inner\">\n\t\t\t\t\t\t\t<div class=\"elementor-section-wrap\">\n\t\t\t\t\t\t\t<section class=\"elementor-section elementor-top-section elementor-element elementor-element-bb997f1 elementor-section-full_width elementor-section-content-middle elementor-section-height-full elementor-section-height-default elementor-section-items-middle\" data-id=\"bb997f1\" data-element_type=\"section\" data-settings=\"{&quot;background_background&quot;:&quot;classic&quot;,&quot;shape_divider_bottom&quot;:&quot;mountains&quot;}\">\n\t\t\t\t\t\t\t<div class=\"elementor-background-overlay\"><\/div>\n\t\t\t\t\t\t<div class=\"elementor-shape elementor-shape-bottom\" data-negative=\"false\">\n\t\t\t<svg xmlns=\"http:\/\/www.w3.org\/2000\/svg\" viewBox=\"0 0 1000 100\" preserveAspectRatio=\"none\">\n\t<path class=\"elementor-shape-fill\" opacity=\"0.33\" d=\"M473,67.3c-203.9,88.3-263.1-34-320.3,0C66,119.1,0,59.7,0,59.7V0h1000v59.7 c0,0-62.1,26.1-94.9,29.3c-32.8,3.3-62.8-12.3-75.8-22.1C806,49.6,745.3,8.7,694.9,4.7S492.4,59,473,67.3z\"\/>\n\t<path class=\"elementor-shape-fill\" opacity=\"0.66\" d=\"M734,67.3c-45.5,0-77.2-23.2-129.1-39.1c-28.6-8.7-150.3-10.1-254,39.1 s-91.7-34.4-149.2,0C115.7,118.3,0,39.8,0,39.8V0h1000v36.5c0,0-28.2-18.5-92.1-18.5C810.2,18.1,775.7,67.3,734,67.3z\"\/>\n\t<path class=\"elementor-shape-fill\" d=\"M766.1,28.9c-200-57.5-266,65.5-395.1,19.5C242,1.8,242,5.4,184.8,20.6C128,35.8,132.3,44.9,89.9,52.5C28.6,63.7,0,0,0,0 h1000c0,0-9.9,40.9-83.6,48.1S829.6,47,766.1,28.9z\"\/>\n<\/svg>\t\t<\/div>\n\t\t\t\t\t<div class=\"elementor-container elementor-column-gap-default\">\n\t\t\t\t\t\t\t<div class=\"elementor-row\">\n\t\t\t\t\t<div class=\"elementor-column elementor-col-100 elementor-top-column elementor-element elementor-element-17943ddf\" data-id=\"17943ddf\" data-element_type=\"column\">\n\t\t\t<div class=\"elementor-column-wrap elementor-element-populated\">\n\t\t\t\t\t\t\t<div class=\"elementor-widget-wrap\">\n\t\t\t\t\t\t<section class=\"elementor-section elementor-inner-section elementor-element elementor-element-52f05d18 elementor-section-boxed elementor-section-height-default elementor-section-height-default\" data-id=\"52f05d18\" data-element_type=\"section\">\n\t\t\t\t\t\t<div class=\"elementor-container elementor-column-gap-default\">\n\t\t\t\t\t\t\t<div class=\"elementor-row\">\n\t\t\t\t\t<div class=\"elementor-column elementor-col-100 elementor-inner-column elementor-element elementor-element-5efb9f6d\" data-id=\"5efb9f6d\" data-element_type=\"column\">\n\t\t\t<div class=\"elementor-column-wrap elementor-element-populated\">\n\t\t\t\t\t\t\t<div class=\"elementor-widget-wrap\">\n\t\t\t\t\t\t<div class=\"elementor-element elementor-element-3db6d18e elementor-widget elementor-widget-heading\" data-id=\"3db6d18e\" data-element_type=\"widget\" data-widget_type=\"heading.default\">\n\t\t\t\t<div class=\"elementor-widget-container\">\n\t\t\t<h1 class=\"elementor-heading-title elementor-size-default\">Aufdruck<\/h1>\t\t<\/div>\n\t\t\t\t<\/div>\n\t\t\t\t\t\t<\/div>\n\t\t\t\t\t<\/div>\n\t\t<\/div>\n\t\t\t\t\t\t\t\t<\/div>\n\t\t\t\t\t<\/div>\n\t\t<\/section>\n\t\t\t\t<section class=\"elementor-section elementor-inner-section elementor-element elementor-element-5c9f6869 elementor-section-boxed elementor-section-height-default elementor-section-height-default\" data-id=\"5c9f6869\" data-element_type=\"section\" data-settings=\"{&quot;background_background&quot;:&quot;classic&quot;}\">\n\t\t\t\t\t\t<div class=\"elementor-container elementor-column-gap-default\">\n\t\t\t\t\t\t\t<div class=\"elementor-row\">\n\t\t\t\t\t<div class=\"elementor-column elementor-col-100 elementor-inner-column elementor-element elementor-element-6bf625ec\" data-id=\"6bf625ec\" data-element_type=\"column\">\n\t\t\t<div class=\"elementor-column-wrap elementor-element-populated\">\n\t\t\t\t\t\t\t<div class=\"elementor-widget-wrap\">\n\t\t\t\t\t\t<div class=\"elementor-element elementor-element-3e5246d4 elementor-view-default elementor-widget elementor-widget-icon\" data-id=\"3e5246d4\" data-element_type=\"widget\" data-widget_type=\"icon.default\">\n\t\t\t\t<div class=\"elementor-widget-container\">\n\t\t\t\t\t<div class=\"elementor-icon-wrapper\">\n\t\t\t<a class=\"elementor-icon\" href=\"#start\">\n\t\t\t<i aria-hidden=\"true\" class=\"fas fa-chevron-circle-down\"><\/i>\t\t\t<\/a>\n\t\t<\/div>\n\t\t\t\t<\/div>\n\t\t\t\t<\/div>\n\t\t\t\t<div class=\"elementor-element elementor-element-33f6d969 elementor-widget elementor-widget-menu-anchor\" data-id=\"33f6d969\" data-element_type=\"widget\" data-widget_type=\"menu-anchor.default\">\n\t\t\t\t<div class=\"elementor-widget-container\">\n\t\t\t\t\t<div id=\"start\" class=\"elementor-menu-anchor\"><\/div>\n\t\t\t\t<\/div>\n\t\t\t\t<\/div>\n\t\t\t\t\t\t<\/div>\n\t\t\t\t\t<\/div>\n\t\t<\/div>\n\t\t\t\t\t\t\t\t<\/div>\n\t\t\t\t\t<\/div>\n\t\t<\/section>\n\t\t\t\t\t\t<\/div>\n\t\t\t\t\t<\/div>\n\t\t<\/div>\n\t\t\t\t\t\t\t\t<\/div>\n\t\t\t\t\t<\/div>\n\t\t<\/section>\n\t\t\t\t<section class=\"elementor-section elementor-top-section elementor-element elementor-element-54d4857 elementor-section-boxed elementor-section-height-default elementor-section-height-default\" data-id=\"54d4857\" data-element_type=\"section\">\n\t\t\t\t\t\t<div class=\"elementor-container elementor-column-gap-default\">\n\t\t\t\t\t\t\t<div class=\"elementor-row\">\n\t\t\t\t\t<div class=\"elementor-column elementor-col-100 elementor-top-column elementor-element elementor-element-453c92e\" data-id=\"453c92e\" data-element_type=\"column\">\n\t\t\t<div class=\"elementor-column-wrap elementor-element-populated\">\n\t\t\t\t\t\t\t<div class=\"elementor-widget-wrap\">\n\t\t\t\t\t\t<div class=\"elementor-element elementor-element-884d60c elementor-widget elementor-widget-heading\" data-id=\"884d60c\" data-element_type=\"widget\" data-widget_type=\"heading.default\">\n\t\t\t\t<div class=\"elementor-widget-container\">\n\t\t\t<h2 class=\"elementor-heading-title elementor-size-default\">Informationen \u00fcber den Website-Eigent\u00fcmer<\/h2>\t\t<\/div>\n\t\t\t\t<\/div>\n\t\t\t\t<div class=\"elementor-element elementor-element-82cd98c elementor-hidden-phone elementor-widget elementor-widget-text-editor\" data-id=\"82cd98c\" data-element_type=\"widget\" data-widget_type=\"text-editor.default\">\n\t\t\t\t<div class=\"elementor-widget-container\">\n\t\t\t\t\t<div class=\"elementor-text-editor elementor-clearfix\"><p>Der Inhaber der Website <a href=\"http:\/\/valentic-drinks.com\/de\/hauptseite\/\">valentic-drinks.com<\/a> und aller Inhalte ist die Firma Valenti\u0107 GmbH.<\/p><p><span style=\"text-decoration: underline;\"><strong>NAME DER FIRMA:<\/strong><\/span> <strong>Valenti\u0107 d.o.o.<\/strong><\/p><p><span style=\"text-decoration: underline;\"><strong>HAUPTQUARTIER:<\/strong><\/span><strong> Savska cesta 1A, Sesvete, 10360, Zagreb, Hrvatska<\/strong><\/p><p><span style=\"text-decoration: underline;\"><strong>DAS GERICHT, DESSEN GESELLSCHAFT IN DAS GERICHTSREGISTER EINGETRAGEN IST:<\/strong><\/span><strong> Handelsgericht Zagreb<\/strong><\/p><p><span style=\"text-decoration: underline;\"><strong>EUID:<\/strong><\/span><strong> HRSR.080177398<\/strong><\/p><p><span style=\"text-decoration: underline;\"><strong>VORSTANDSMITGLIEDER:<\/strong><\/span><strong> Goran Valenti\u0107<\/strong><\/p><p><span style=\"text-decoration: underline;\"><strong>AKTIENKAPITAL:<\/strong><\/span><strong> 12 360 000 (staat voll bezahlt)<\/strong><\/p><p><span style=\"text-decoration: underline;\"><strong>IBAN:<\/strong><\/span><strong> HR1224020061100017448 (Erste&amp;Steierm\u00e4rkische Bank d.d.)<\/strong><\/p><p><a title=\"valentic.nabava@valentic-drinks.com\" href=\"mailto:valentic.nabava@valentic-drinks.com\">valenticdoo1@gmail.com<\/a><\/p><p>TEL. +385(1)-2013-888<\/p><p>FAX. +385(1)-2013-999<\/p><p>Die Website wurde von <em><a href=\"https:\/\/princeps.hr\/\">Princeps j.d.o.o<\/a><\/em> erstellt.<\/p><p>\u00a92021 \u2013 Alle Rechte vorbehalten<\/p><\/div>\n\t\t\t\t<\/div>\n\t\t\t\t<\/div>\n\t\t\t\t<div class=\"elementor-element elementor-element-79f2578 elementor-hidden-desktop elementor-widget elementor-widget-text-editor\" data-id=\"79f2578\" data-element_type=\"widget\" data-widget_type=\"text-editor.default\">\n\t\t\t\t<div class=\"elementor-widget-container\">\n\t\t\t\t\t<div class=\"elementor-text-editor elementor-clearfix\"><p>Der Inhaber der Website <a href=\"http:\/\/valentic-drinks.com\/de\/hauptseite\/\">valentic-drinks.com<\/a> und aller Inhalte ist die Firma Valenti\u0107 GmbH.<\/p><p><span style=\"text-decoration: underline;\"><strong>NAME DER FIRMA:<\/strong><\/span> <br \/><strong>Valenti\u0107 d.o.o.<\/strong><\/p><p><span style=\"text-decoration: underline;\"><strong>HAUPTQUARTIER:<\/strong><\/span><strong> <br \/>Savska cesta 1A, Sesvete, 10360, Zagreb, Hrvatska<\/strong><\/p><p><span style=\"text-decoration: underline;\"><strong>DAS GERICHT, DESSEN GESELLSCHAFT IN DAS GERICHTSREGISTER EINGETRAGEN IST:<\/strong><\/span><strong> <br \/>Handelsgericht Zagreb<\/strong><\/p><p><span style=\"text-decoration: underline;\"><strong>EUID:<\/strong><\/span><strong> <br \/>HRSR.080177398<\/strong><\/p><p><span style=\"text-decoration: underline;\"><strong>VORSTANDSMITGLIEDER:<\/strong><\/span><strong> <br \/>Goran Valenti\u0107<\/strong><\/p><p><span style=\"text-decoration: underline;\"><strong>AKTIENKAPITAL:<\/strong><\/span><strong> <br \/>12 360 000<br \/>(staat voll bezahlt)<\/strong><\/p><p><span style=\"text-decoration: underline;\"><strong>IBAN:<\/strong><\/span><strong> <br \/>HR1224020061100017448<br \/>(Erste&amp;Steierm\u00e4rkische Bank d.d.)<\/strong><\/p><p><a href=\"mailto:valentic.nabava@valentic-drinks.com\">valentic.nabava@valentic-drinks.com<\/a><\/p><p>TEL. +385(1)-2013-888<\/p><p>FAX. +385(1)-2013-999<\/p><p>Die Website wurde von <em><a href=\"https:\/\/princeps.hr\/\">Princeps j.d.o.o<\/a><\/em> erstellt.<\/p><p>\u00a92021 \u2013 Alle Rechte vorbehalten<\/p><\/div>\n\t\t\t\t<\/div>\n\t\t\t\t<\/div>\n\t\t\t\t\t\t<\/div>\n\t\t\t\t\t<\/div>\n\t\t<\/div>\n\t\t\t\t\t\t\t\t<\/div>\n\t\t\t\t\t<\/div>\n\t\t<\/section>\n\t\t\t\t<section class=\"elementor-section elementor-top-section elementor-element elementor-element-c97e2a4 elementor-section-boxed elementor-section-height-default elementor-section-height-default\" data-id=\"c97e2a4\" data-element_type=\"section\">\n\t\t\t\t\t\t<div class=\"elementor-container elementor-column-gap-default\">\n\t\t\t\t\t\t\t<div class=\"elementor-row\">\n\t\t\t\t\t<div class=\"elementor-column elementor-col-100 elementor-top-column elementor-element elementor-element-e176719\" data-id=\"e176719\" data-element_type=\"column\">\n\t\t\t<div class=\"elementor-column-wrap elementor-element-populated\">\n\t\t\t\t\t\t\t<div class=\"elementor-widget-wrap\">\n\t\t\t\t\t\t<div class=\"elementor-element elementor-element-04105e5 elementor-widget elementor-widget-heading\" data-id=\"04105e5\" data-element_type=\"widget\" data-widget_type=\"heading.default\">\n\t\t\t\t<div class=\"elementor-widget-container\">\n\t\t\t<h2 class=\"elementor-heading-title elementor-size-default\">Copyright auf Fotografien<\/h2>\t\t<\/div>\n\t\t\t\t<\/div>\n\t\t\t\t<div class=\"elementor-element elementor-element-3b0cafb elementor-widget elementor-widget-text-editor\" data-id=\"3b0cafb\" data-element_type=\"widget\" data-widget_type=\"text-editor.default\">\n\t\t\t\t<div class=\"elementor-widget-container\">\n\t\t\t\t\t<div class=\"elementor-text-editor elementor-clearfix\"><p>Die folgenden Fotos dienen nur zu Dekorationszwecken und stellen nicht unsere eigenen Produkte und Dienstleistungen dar.<\/p>\n<p>Die Online-Portale, von denen wir die folgenden Fotos heruntergeladen haben, sind<\/p>\n<p><strong><span style=\"text-decoration: underline;\"><a href=\"https:\/\/www.freepik.com\/\">FREEPIK<\/a><\/span>\u00a0 \u00a0<\/strong> \u00a0<\/p>\n<p>Alle anderen Fotos auf der Website <a href=\"http:\/\/valentic-drinks.com\/de\/hauptseite\/\">valentic-drinks.com<\/a> geh\u00f6ren Valentic d.o.o. und ihren Partnern.<\/p>\n<p>Die folgenden Fotos werden in einer f\u00fcr die Website angepassten Gr\u00f6\u00dfe angezeigt..<\/p>\n<\/div>\n\t\t\t\t<\/div>\n\t\t\t\t<\/div>\n\t\t\t\t<section class=\"elementor-section elementor-inner-section elementor-element elementor-element-ec9728c elementor-section-boxed elementor-section-height-default elementor-section-height-default\" data-id=\"ec9728c\" data-element_type=\"section\">\n\t\t\t\t\t\t<div class=\"elementor-container elementor-column-gap-default\">\n\t\t\t\t\t\t\t<div class=\"elementor-row\">\n\t\t\t\t\t<div class=\"elementor-column elementor-col-33 elementor-inner-column elementor-element elementor-element-71b97a4\" data-id=\"71b97a4\" data-element_type=\"column\">\n\t\t\t<div class=\"elementor-column-wrap\">\n\t\t\t\t\t\t\t<div class=\"elementor-widget-wrap\">\n\t\t\t\t\t\t\t\t<\/div>\n\t\t\t\t\t<\/div>\n\t\t<\/div>\n\t\t\t\t<div class=\"elementor-column elementor-col-33 elementor-inner-column elementor-element elementor-element-8dc5862\" data-id=\"8dc5862\" data-element_type=\"column\">\n\t\t\t<div class=\"elementor-column-wrap elementor-element-populated\">\n\t\t\t\t\t\t\t<div class=\"elementor-widget-wrap\">\n\t\t\t\t\t\t<div class=\"elementor-element elementor-element-3df577f elementor-arrows-position-outside elementor-pagination-position-outside elementor-widget elementor-widget-image-carousel\" data-id=\"3df577f\" data-element_type=\"widget\" data-settings=\"{&quot;slides_to_show&quot;:&quot;1&quot;,&quot;autoplay&quot;:&quot;no&quot;,&quot;effect&quot;:&quot;fade&quot;,&quot;navigation&quot;:&quot;both&quot;,&quot;infinite&quot;:&quot;yes&quot;,&quot;speed&quot;:500}\" data-widget_type=\"image-carousel.default\">\n\t\t\t\t<div class=\"elementor-widget-container\">\n\t\t\t\t\t<div class=\"elementor-image-carousel-wrapper swiper-container\" dir=\"ltr\">\n\t\t\t<div class=\"elementor-image-carousel swiper-wrapper\">\n\t\t\t\t<div class=\"swiper-slide\"><figure class=\"swiper-slide-inner\"><img decoding=\"async\" class=\"swiper-slide-image\" src=\"https:\/\/valentic-drinks.com\/wp-content\/uploads\/elementor\/thumbs\/Pozadina3-p05oii32vmt6kamg79ssr91odtvfgw7l6gm07r01s0.jpg\" alt=\"wirestock - freepik\" \/><figcaption class=\"elementor-image-carousel-caption\">wirestock - freepik<\/figcaption><\/figure><\/div><div class=\"swiper-slide\"><figure class=\"swiper-slide-inner\"><img decoding=\"async\" class=\"swiper-slide-image\" src=\"https:\/\/valentic-drinks.com\/wp-content\/uploads\/elementor\/thumbs\/HBG3-p42xu7yrk26xd8qjy12reqnyn8o80g8t7c9a1cqlmo.jpg\" alt=\"wirestock - freepik\" \/><figcaption class=\"elementor-image-carousel-caption\">wirestock - freepik<\/figcaption><\/figure><\/div><div class=\"swiper-slide\"><figure class=\"swiper-slide-inner\"><img decoding=\"async\" class=\"swiper-slide-image\" src=\"https:\/\/valentic-drinks.com\/wp-content\/uploads\/elementor\/thumbs\/HBG2-p42xu558zk32eeunehuvp9dkv324dcxm6yatlius5c.jpg\" alt=\"wirestock - freepik\" \/><figcaption class=\"elementor-image-carousel-caption\">wirestock - freepik<\/figcaption><\/figure><\/div><div class=\"swiper-slide\"><figure class=\"swiper-slide-inner\"><img decoding=\"async\" class=\"swiper-slide-image\" src=\"https:\/\/valentic-drinks.com\/wp-content\/uploads\/elementor\/thumbs\/HBG6-p42xufhh2qh7y4fmq4bryornebn5q12nwdh5vkfg8w.jpg\" alt=\"KamranYadinov - freepik\" \/><figcaption class=\"elementor-image-carousel-caption\">KamranYadinov - freepik<\/figcaption><\/figure><\/div><div class=\"swiper-slide\"><figure class=\"swiper-slide-inner\"><img decoding=\"async\" class=\"swiper-slide-image\" src=\"https:\/\/valentic-drinks.com\/wp-content\/uploads\/elementor\/thumbs\/HBG8-p42xuk6o0wnnk68syocwt5kyd8zzsilbl0ql9y8hds.jpg\" alt=\"azerbaijan_stockers - freepik\" \/><figcaption class=\"elementor-image-carousel-caption\">azerbaijan_stockers - freepik<\/figcaption><\/figure><\/div><div class=\"swiper-slide\"><figure class=\"swiper-slide-inner\"><img decoding=\"async\" class=\"swiper-slide-image\" src=\"https:\/\/valentic-drinks.com\/wp-content\/uploads\/elementor\/thumbs\/HBG4-p42xu9ufxq9i0gntn1w0jq6vu0eyfug9vlk8zwnta8.jpg\" alt=\"Autor: freepik - freepik\" \/><figcaption class=\"elementor-image-carousel-caption\">Autor: freepik - freepik<\/figcaption><\/figure><\/div><div class=\"swiper-slide\"><figure class=\"swiper-slide-inner\"><img decoding=\"async\" class=\"swiper-slide-image\" src=\"https:\/\/valentic-drinks.com\/wp-content\/uploads\/elementor\/thumbs\/HBG5-p42xucnyi8dczajq6l3w97h9m6122xrgvzipfqjmrk.jpg\" alt=\"KamranYadinov - freepik\" \/><figcaption class=\"elementor-image-carousel-caption\">KamranYadinov - freepik<\/figcaption><\/figure><\/div><div class=\"swiper-slide\"><figure class=\"swiper-slide-inner\"><img decoding=\"async\" class=\"swiper-slide-image\" src=\"https:\/\/valentic-drinks.com\/wp-content\/uploads\/elementor\/thumbs\/HBG1-p42xu1dw87xx3z040g8dfabqhjknikioufovof0cu8.jpg\" alt=\"yanlaya - freepik\" \/><figcaption class=\"elementor-image-carousel-caption\">yanlaya - freepik<\/figcaption><\/figure><\/div><div class=\"swiper-slide\"><figure class=\"swiper-slide-inner\"><img decoding=\"async\" class=\"swiper-slide-image\" src=\"https:\/\/valentic-drinks.com\/wp-content\/uploads\/elementor\/thumbs\/HBG7-p42xuhd5gejslccwf5513oakl3dw5fa4kms4u4cnwg.jpg\" alt=\"wirestock - freepik\" \/><figcaption class=\"elementor-image-carousel-caption\">wirestock - freepik<\/figcaption><\/figure><\/div><div class=\"swiper-slide\"><figure class=\"swiper-slide-inner\"><img decoding=\"async\" class=\"swiper-slide-image\" src=\"https:\/\/valentic-drinks.com\/wp-content\/uploads\/elementor\/thumbs\/Footer_2021-1-p3osf5pitdebzf8z6vafujexnvktszfqheohw88zy8.jpg\" alt=\"wirestock - freepik\" \/><figcaption class=\"elementor-image-carousel-caption\">wirestock - freepik<\/figcaption><\/figure><\/div>\t\t\t<\/div>\n\t\t\t\t\t\t\t\t\t\t\t\t<div class=\"swiper-pagination\"><\/div>\n\t\t\t\t\t\t\t\t\t\t\t\t\t<div class=\"elementor-swiper-button elementor-swiper-button-prev\">\n\t\t\t\t\t\t<i class=\"eicon-chevron-left\" aria-hidden=\"true\"><\/i>\n\t\t\t\t\t\t<span class=\"elementor-screen-only\">Zur\u00fcck<\/span>\n\t\t\t\t\t<\/div>\n\t\t\t\t\t<div class=\"elementor-swiper-button elementor-swiper-button-next\">\n\t\t\t\t\t\t<i class=\"eicon-chevron-right\" aria-hidden=\"true\"><\/i>\n\t\t\t\t\t\t<span class=\"elementor-screen-only\">Weiter<\/span>\n\t\t\t\t\t<\/div>\n\t\t\t\t\t\t\t\t\t<\/div>\n\t\t\t\t<\/div>\n\t\t\t\t<\/div>\n\t\t\t\t\t\t<\/div>\n\t\t\t\t\t<\/div>\n\t\t<\/div>\n\t\t\t\t<div class=\"elementor-column elementor-col-33 elementor-inner-column elementor-element elementor-element-7c80d70\" data-id=\"7c80d70\" data-element_type=\"column\">\n\t\t\t<div class=\"elementor-column-wrap\">\n\t\t\t\t\t\t\t<div class=\"elementor-widget-wrap\">\n\t\t\t\t\t\t\t\t<\/div>\n\t\t\t\t\t<\/div>\n\t\t<\/div>\n\t\t\t\t\t\t\t\t<\/div>\n\t\t\t\t\t<\/div>\n\t\t<\/section>\n\t\t\t\t\t\t<\/div>\n\t\t\t\t\t<\/div>\n\t\t<\/div>\n\t\t\t\t\t\t\t\t<\/div>\n\t\t\t\t\t<\/div>\n\t\t<\/section>\n\t\t\t\t\t\t<\/div>\n\t\t\t\t\t\t<\/div>\n\t\t\t\t\t<\/div>\n\t\t","protected":false},"excerpt":{"rendered":"<p>Aufdruck Informationen \u00fcber den Website-Eigent\u00fcmer Der Inhaber der Website valentic-drinks.com und aller Inhalte ist die Firma Valenti\u0107 GmbH. NAME DER FIRMA: Valenti\u0107 d.o.o. HAUPTQUARTIER: Savska cesta 1A, Sesvete, 10360, Zagreb, Hrvatska DAS GERICHT, DESSEN GESELLSCHAFT IN DAS GERICHTSREGISTER EINGETRAGEN IST: Handelsgericht Zagreb EUID: HRSR.080177398 VORSTANDSMITGLIEDER: Goran Valenti\u0107 AKTIENKAPITAL: 12 360 000 (staat voll bezahlt) IBAN: [&hellip;]<\/p>\n","protected":false},"author":1,"featured_media":0,"parent":0,"menu_order":9,"comment_status":"closed","ping_status":"closed","template":"","meta":{"footnotes":""},"class_list":["post-13301","page","type-page","status-publish","hentry"],"_links":{"self":[{"href":"https:\/\/valentic-drinks.com\/de\/wp-json\/wp\/v2\/pages\/13301","targetHints":{"allow":["GET"]}}],"collection":[{"href":"https:\/\/valentic-drinks.com\/de\/wp-json\/wp\/v2\/pages"}],"about":[{"href":"https:\/\/valentic-drinks.com\/de\/wp-json\/wp\/v2\/types\/page"}],"author":[{"embeddable":true,"href":"https:\/\/valentic-drinks.com\/de\/wp-json\/wp\/v2\/users\/1"}],"replies":[{"embeddable":true,"href":"https:\/\/valentic-drinks.com\/de\/wp-json\/wp\/v2\/comments?post=13301"}],"version-history":[{"count":37,"href":"https:\/\/valentic-drinks.com\/de\/wp-json\/wp\/v2\/pages\/13301\/revisions"}],"predecessor-version":[{"id":16924,"href":"https:\/\/valentic-drinks.com\/de\/wp-json\/wp\/v2\/pages\/13301\/revisions\/16924"}],"wp:attachment":[{"href":"https:\/\/valentic-drinks.com\/de\/wp-json\/wp\/v2\/media?parent=13301"}],"curies":[{"name":"wp","href":"https:\/\/api.w.org\/{rel}","templated":true}]}}